{"id":2784,"date":"2024-02-16T19:05:43","date_gmt":"2024-02-16T19:05:43","guid":{"rendered":"https:\/\/doitall.com.mx\/?page_id=2784"},"modified":"2024-02-17T00:09:27","modified_gmt":"2024-02-17T00:09:27","slug":"catalogo-en-espanol","status":"publish","type":"page","link":"https:\/\/amdlibertygroup.com\/index.php\/catalogo-en-espanol\/","title":{"rendered":"Cat\u00e1logo en Espa\u00f1ol"},"content":{"rendered":"\n<div class=\"inherit-container-width wp-block-group is-layout-constrained wp-block-group-is-layout-constrained\"><div class=\"wp-block-group__inner-container\"><div class=\"is-default-size alignleft wp-block-site-logo\"><a href=\"https:\/\/amdlibertygroup.com\/\" class=\"custom-logo-link\" rel=\"home\"><img fetchpriority=\"high\" decoding=\"async\" width=\"1703\" height=\"1587\" src=\"https:\/\/amdlibertygroup.com\/wp-content\/uploads\/2022\/05\/Logo-DO-IT-ALL.png\" class=\"custom-logo\" alt=\"Tours and Transfers\" srcset=\"https:\/\/amdlibertygroup.com\/wp-content\/uploads\/2022\/05\/Logo-DO-IT-ALL.png 1703w, https:\/\/amdlibertygroup.com\/wp-content\/uploads\/2022\/05\/Logo-DO-IT-ALL-300x280.png 300w, https:\/\/amdlibertygroup.com\/wp-content\/uploads\/2022\/05\/Logo-DO-IT-ALL-1024x954.png 1024w, https:\/\/amdlibertygroup.com\/wp-content\/uploads\/2022\/05\/Logo-DO-IT-ALL-768x716.png 768w, https:\/\/amdlibertygroup.com\/wp-content\/uploads\/2022\/05\/Logo-DO-IT-ALL-1536x1431.png 1536w, https:\/\/amdlibertygroup.com\/wp-content\/uploads\/2022\/05\/Logo-DO-IT-ALL-13x12.png 13w, https:\/\/amdlibertygroup.com\/wp-content\/uploads\/2022\/05\/Logo-DO-IT-ALL-600x559.png 600w, https:\/\/amdlibertygroup.com\/wp-content\/uploads\/2022\/05\/Logo-DO-IT-ALL-120x112.png 120w\" sizes=\"(max-width: 1703px) 100vw, 1703px\" \/><\/a><\/div>\n\n\n<p class=\"has-text-align-center\"><strong>\u00a1Bienvenid@ a nuestro cat\u00e1logo en espa\u00f1ol, aqu\u00ed podr\u00e1s ver todo tipo de aventuras!<\/strong><\/p>\n\n\n\n<figure class=\"wp-block-gallery has-nested-images columns-default is-cropped wp-block-gallery-1 is-layout-flex wp-block-gallery-is-layout-flex\"><\/figure>\n<\/div><\/div>\n\n\n\n<hr class=\"wp-block-separator has-alpha-channel-opacity\"\/>\n\n\n<div data-block-name=\"woocommerce\/featured-category\" data-edit-mode=\"false\" data-category-id=\"31\" class=\"wc-block-featured-category alignnone has-background-dim wp-block-woocommerce-featured-category\" style=\"min-height:500px;\"><div class=\"wc-block-featured-category__wrapper\"><div class=\"background-dim__overlay\" style=\"background-color: #000000\"><\/div><h2 class=\"wc-block-featured-category__title\">Acuatic parks<\/h2><div class=\"wc-block-featured-category__description\"><\/div><div class=\"wc-block-featured-category__link\">\n\n<div class=\"wp-block-buttons is-content-justification-center is-layout-flex wp-container-core-buttons-layout-1 wp-block-buttons-is-layout-flex\">\n<div class=\"wp-block-button\"><a class=\"wp-block-button__link wp-element-button\" href=\"https:\/\/amdlibertygroup.com\/index.php\/product-category\/catalog\/adventure\/\">Comprar ahora<\/a><\/div>\n<\/div>\n\n<\/div><\/div><\/div>","protected":false},"excerpt":{"rendered":"<p>\u00a1Bienvenid@ a nuestro cat\u00e1logo en espa\u00f1ol, aqu\u00ed podr\u00e1s ver todo tipo de aventuras!<\/p>\n","protected":false},"author":4,"featured_media":0,"parent":0,"menu_order":0,"comment_status":"closed","ping_status":"closed","template":"","meta":{"site-sidebar-layout":"default","site-content-layout":"default","ast-global-header-display":"","ast-banner-title-visibility":"","ast-main-header-display":"","ast-hfb-above-header-display":"","ast-hfb-below-header-display":"","ast-hfb-mobile-header-display":"","site-post-title":"","ast-breadcrumbs-content":"","ast-featured-img":"","footer-sml-layout":"","theme-transparent-header-meta":"","adv-header-id-meta":"","stick-header-meta":"","header-above-stick-meta":"","header-main-stick-meta":"","header-below-stick-meta":"","footnotes":""},"_links":{"self":[{"href":"https:\/\/amdlibertygroup.com\/index.php\/wp-json\/wp\/v2\/pages\/2784"}],"collection":[{"href":"https:\/\/amdlibertygroup.com\/index.php\/wp-json\/wp\/v2\/pages"}],"about":[{"href":"https:\/\/amdlibertygroup.com\/index.php\/wp-json\/wp\/v2\/types\/page"}],"author":[{"embeddable":true,"href":"https:\/\/amdlibertygroup.com\/index.php\/wp-json\/wp\/v2\/users\/4"}],"replies":[{"embeddable":true,"href":"https:\/\/amdlibertygroup.com\/index.php\/wp-json\/wp\/v2\/comments?post=2784"}],"version-history":[{"count":6,"href":"https:\/\/amdlibertygroup.com\/index.php\/wp-json\/wp\/v2\/pages\/2784\/revisions"}],"predecessor-version":[{"id":2825,"href":"https:\/\/amdlibertygroup.com\/index.php\/wp-json\/wp\/v2\/pages\/2784\/revisions\/2825"}],"wp:attachment":[{"href":"https:\/\/amdlibertygroup.com\/index.php\/wp-json\/wp\/v2\/media?parent=2784"}],"curies":[{"name":"wp","href":"https:\/\/api.w.org\/{rel}","templated":true}]}}