{"id":2656,"date":"2023-09-21T17:21:39","date_gmt":"2023-09-21T17:21:39","guid":{"rendered":"https:\/\/doitall.com.mx\/?post_type=product&#038;p=2656"},"modified":"2024-02-08T03:54:45","modified_gmt":"2024-02-08T03:54:45","slug":"luchatitlan-mascarito","status":"publish","type":"product","link":"https:\/\/amdlibertygroup.com\/index.php\/product\/luchatitlan-mascarito\/","title":{"rendered":"LUCHA LIBRE VIP"},"content":{"rendered":"<p>EL MEJOR SHOW DE LUCHA LIBRE EN CANC\u00daN<br \/>\n\u00a1Bienvenidos a Luchatitl\u00e1n! \u00a1La espectacular ciudad de lucha libre se combina con la vida nocturna de Canc\u00fan, donde la cultura mexicana cobra vida en el ring! Este para\u00edso cuenta con un Barrio \u00fanico en su tipo donde podr\u00e1s degustar una gran variedad de bocadillos mexicanos, conocer todo tipo de cuates divertidos y presenciar el campeonato de lucha libre \u00abMonarca del Ring\u00bb.<\/p>\n<p>ADQUIERE LA EXPERIENCIA CON EL <strong>PAQUETE MASCARITO.<\/strong><\/p>\n<p><em><strong>Incluye<\/strong>:<\/em><\/p>\n<ul>\n<li><em>El Mejor Asiento disponible en Arena Luchatitl\u00e1n<\/em><\/li>\n<li><em>M\u00e1scara de Luchador<\/em><\/li>\n<li><em>Bebida Tem\u00e1tica<\/em><\/li>\n<li><em>Foto con Monarca<\/em><\/li>\n<li><em>Interacciones Exclusivas<\/em><\/li>\n<li><em>Meet &amp; Greet<\/em><\/li>\n<li><em>El Barrio (Muestra Gastron\u00f3mica)<\/em><\/li>\n<li><em>Aguas, Refrescos, y Cervezas <strong>ILIMITADAS<\/strong> durante la cena<\/em><\/li>\n<\/ul>\n","protected":false},"excerpt":{"rendered":"<p>EL MEJOR SHOW DE LUCHA LIBRE EN CANC\u00daN \u00a1Bienvenidos a Luchatitl\u00e1n! \u00a1La espectacular ciudad de lucha libre se combina con la vida nocturna de Canc\u00fan, donde la cultura mexicana cobra vida en el ring! Este para\u00edso cuenta con un Barrio \u00fanico en su tipo donde podr\u00e1s degustar una gran variedad de bocadillos mexicanos, conocer todo &hellip;<\/p>\n<p class=\"read-more\"> <a class=\"\" href=\"https:\/\/amdlibertygroup.com\/index.php\/product\/luchatitlan-mascarito\/\"> <span class=\"screen-reader-text\">LUCHA LIBRE VIP<\/span> Read More &raquo;<\/a><\/p>\n","protected":false},"featured_media":2647,"comment_status":"open","ping_status":"closed","template":"","meta":{"site-sidebar-layout":"default","site-content-layout":"default","ast-global-header-display":"","ast-banner-title-visibility":"","ast-main-header-display":"","ast-hfb-above-header-display":"","ast-hfb-below-header-display":"","ast-hfb-mobile-header-display":"","site-post-title":"","ast-breadcrumbs-content":"","ast-featured-img":"","footer-sml-layout":"","theme-transparent-header-meta":"default","adv-header-id-meta":"","stick-header-meta":"","header-above-stick-meta":"","header-main-stick-meta":"","header-below-stick-meta":""},"product_cat":[19],"product_tag":[],"_links":{"self":[{"href":"https:\/\/amdlibertygroup.com\/index.php\/wp-json\/wp\/v2\/product\/2656"}],"collection":[{"href":"https:\/\/amdlibertygroup.com\/index.php\/wp-json\/wp\/v2\/product"}],"about":[{"href":"https:\/\/amdlibertygroup.com\/index.php\/wp-json\/wp\/v2\/types\/product"}],"replies":[{"embeddable":true,"href":"https:\/\/amdlibertygroup.com\/index.php\/wp-json\/wp\/v2\/comments?post=2656"}],"wp:featuredmedia":[{"embeddable":true,"href":"https:\/\/amdlibertygroup.com\/index.php\/wp-json\/wp\/v2\/media\/2647"}],"wp:attachment":[{"href":"https:\/\/amdlibertygroup.com\/index.php\/wp-json\/wp\/v2\/media?parent=2656"}],"wp:term":[{"taxonomy":"product_cat","embeddable":true,"href":"https:\/\/amdlibertygroup.com\/index.php\/wp-json\/wp\/v2\/product_cat?post=2656"},{"taxonomy":"product_tag","embeddable":true,"href":"https:\/\/amdlibertygroup.com\/index.php\/wp-json\/wp\/v2\/product_tag?post=2656"}],"curies":[{"name":"wp","href":"https:\/\/api.w.org\/{rel}","templated":true}]}}