{"id":2660,"date":"2023-09-29T15:06:49","date_gmt":"2023-09-29T15:06:49","guid":{"rendered":"https:\/\/doitall.com.mx\/?post_type=product&#038;p=2660"},"modified":"2024-02-08T04:03:38","modified_gmt":"2024-02-08T04:03:38","slug":"snorkel-nocturno","status":"publish","type":"product","link":"https:\/\/amdlibertygroup.com\/index.php\/product\/snorkel-nocturno\/","title":{"rendered":"NOCTURNAL SNORKEL"},"content":{"rendered":"<p>Un tour de Snorkel diferenciado, \u00fanico en su tipo, accesible para todos, expertos o participantes con poca o nula experiencia sobre la actividad acu\u00e1tica.<br \/>\nTiene una ruta de 1,000 metros (3,280 pies) sobre el Gran Arrecife Maya, pasando por diferentes puntos de arrecife de coral y pasto marino, encontrando especies marinas que solo se pueden conocer y observar por la noche, como son: pulpos, calamar, morenas, peces nocturnos y erizos. Sobre el pasto marino nocturno se pueden observar: tortugas, rayas, cangrejos y langostas.<\/p>\n<p>&nbsp;<\/p>\n<p><strong>El Tour nocturno se divide en 3 visitas:<\/strong><\/p>\n<ul>\n<li><em>Primer visita:<\/em><br \/>\nEl pasto marino es el \u00e1rea de h\u00e1bitat natural donde tenemos el encuentro nocturno<br \/>\ncon las tortugas, rayas y crust\u00e1ceos, tales como langostas y cangrejos.<\/li>\n<li><em>Segunda visita:<\/em><br \/>\nEl arrecife de coral del Gran Arrecife Maya, cuenta con muchas especies marinas<br \/>\nnocturnas, tales como: pulpos, calamar, morenas, peces nocturnos y erizos. Un aut\u00e9ntico<br \/>\npara\u00edso para participantes en busca de experiencias \u00fanicas. A su vez es el lugar donde<br \/>\nsucede una experiencia m\u00e1gica y que solo se puede vivir de noche, la \u201cBioluminiscencia\u201d.<\/li>\n<li><em>Tercer visita:<\/em><br \/>\nNos sumergimos el museo de \u201cLas Bendiciones\u201d y \u201cLa Familia\u201d, donde mostramos la<br \/>\ninteracci\u00f3n de arte sub acu\u00e1tico junto con el medio ambiente nocturno del mar caribe.<\/li>\n<\/ul>\n<p>&nbsp;<\/p>\n<p><strong>Incluye:<\/strong><\/p>\n<ul>\n<li>Transportaci\u00f3n desde cualquier de Cancun, Isla Blanca y Playa Mujeres.<\/li>\n<li>Linterna led subacu\u00e1tica.<\/li>\n<li>Equipo de snorkel especializado :<\/li>\n<\/ul>\n<p style=\"text-align: left;\">-Chaleco salvavidas especial para apneas<\/p>\n<p style=\"text-align: left;\">&#8211; Mascara facial completa que habilita la respiraci\u00f3n por la nariz (opcional),<\/p>\n<p style=\"text-align: left;\">&#8211; Visor con graduaci\u00f3n (opcional),<\/p>\n<p style=\"text-align: left;\">-Aletas<\/p>\n<p style=\"text-align: left;\">-Cintur\u00f3n de plomos(opcional)<\/p>\n<p style=\"text-align: left;\">-Tubo de snorkel \u201cDry-Top\u201d que evita inducci\u00f3n de agua dentro de tubo y boca.<\/p>\n<ul>\n<li>Lecci\u00f3n te\u00f3rica y pr\u00e1ctica: Antes de sumergirnos, todos los participantes toman la lecci\u00f3n te\u00f3rica y pr\u00e1ctica para aplicar durante el recorrido nocturno, garantizando un tour de snorkel sin igual y \u00fanico.<br \/>\nGu\u00edas especializados y amigables.<\/li>\n<li>Tres \u00e1reas de inmersi\u00f3n: Dos inmersiones en arrecifes de coral, una en pasto marino y Museo Acu\u00e1tico.<\/li>\n<li>Fotograf\u00eda de bienvenida (antes de ingresar al agua y aplica por pareja o grupo).<\/li>\n<li>Agua embotellada, regaderas y casilleros<\/li>\n<li>Seguro de pasajeros.<\/li>\n<\/ul>\n","protected":false},"excerpt":{"rendered":"<p>Un tour de Snorkel diferenciado, \u00fanico en su tipo, accesible para todos, expertos o participantes con poca o nula experiencia sobre la actividad acu\u00e1tica. Tiene una ruta de 1,000 metros (3,280 pies) sobre el Gran Arrecife Maya, pasando por diferentes puntos de arrecife de coral y pasto marino, encontrando especies marinas que solo se pueden &hellip;<\/p>\n<p class=\"read-more\"> <a class=\"\" href=\"https:\/\/amdlibertygroup.com\/index.php\/product\/snorkel-nocturno\/\"> <span class=\"screen-reader-text\">NOCTURNAL SNORKEL<\/span> Read More &raquo;<\/a><\/p>\n","protected":false},"featured_media":2662,"comment_status":"open","ping_status":"closed","template":"","meta":{"site-sidebar-layout":"default","site-content-layout":"default","ast-global-header-display":"","ast-banner-title-visibility":"","ast-main-header-display":"","ast-hfb-above-header-display":"","ast-hfb-below-header-display":"","ast-hfb-mobile-header-display":"","site-post-title":"","ast-breadcrumbs-content":"","ast-featured-img":"","footer-sml-layout":"","theme-transparent-header-meta":"default","adv-header-id-meta":"","stick-header-meta":"","header-above-stick-meta":"","header-main-stick-meta":"","header-below-stick-meta":""},"product_cat":[25,18],"product_tag":[],"_links":{"self":[{"href":"https:\/\/amdlibertygroup.com\/index.php\/wp-json\/wp\/v2\/product\/2660"}],"collection":[{"href":"https:\/\/amdlibertygroup.com\/index.php\/wp-json\/wp\/v2\/product"}],"about":[{"href":"https:\/\/amdlibertygroup.com\/index.php\/wp-json\/wp\/v2\/types\/product"}],"replies":[{"embeddable":true,"href":"https:\/\/amdlibertygroup.com\/index.php\/wp-json\/wp\/v2\/comments?post=2660"}],"wp:featuredmedia":[{"embeddable":true,"href":"https:\/\/amdlibertygroup.com\/index.php\/wp-json\/wp\/v2\/media\/2662"}],"wp:attachment":[{"href":"https:\/\/amdlibertygroup.com\/index.php\/wp-json\/wp\/v2\/media?parent=2660"}],"wp:term":[{"taxonomy":"product_cat","embeddable":true,"href":"https:\/\/amdlibertygroup.com\/index.php\/wp-json\/wp\/v2\/product_cat?post=2660"},{"taxonomy":"product_tag","embeddable":true,"href":"https:\/\/amdlibertygroup.com\/index.php\/wp-json\/wp\/v2\/product_tag?post=2660"}],"curies":[{"name":"wp","href":"https:\/\/api.w.org\/{rel}","templated":true}]}}