{"id":2673,"date":"2023-10-13T14:34:02","date_gmt":"2023-10-13T14:34:02","guid":{"rendered":"https:\/\/doitall.com.mx\/?post_type=product&#038;p=2673"},"modified":"2024-02-08T04:08:00","modified_gmt":"2024-02-08T04:08:00","slug":"tour-de-snorkel","status":"publish","type":"product","link":"https:\/\/amdlibertygroup.com\/index.php\/product\/tour-de-snorkel\/","title":{"rendered":"TOTAL SNORKEL"},"content":{"rendered":"<blockquote><p><strong>Tour de snorkel en arrecife, museo submarino, encuentro con tortugas, barco hundido y cenote marino.<\/strong><\/p><\/blockquote>\n<p><strong>El Tour de snorkel se divide en 5 visitas con 4 inmersiones:<\/strong><\/p>\n<ul>\n<li>Primer visita:<br \/>\nDisfruta del arrecife de coral &#8220;El Meco&#8221;, uno de los mejor conservados del Gran Arrecife Maya, lleno de peces y vida marina. El arrecife cuenta con profundidades de 2.5 a 4 metros con diferentes formaciones de coral y bancos de peces.<\/li>\n<li>Segunda visita:<br \/>\nNuestra segunda visita es en un museo submarino, donde admiraremos dos galer\u00edas de arte sub-acu\u00e1tico, interacci\u00f3n de arte y el medio ambiente en el Mar Caribe. Hermosas obras de arte, con un espectacular fondo azul turquesa.<\/li>\n<li>Tercer visita:<br \/>\nNuestro punto para encontrar tortugas, tenemos 96 &#8211; 98% de posibilidades de encontrar de 1 a 5 tortugas. Tambi\u00e9n podremos encontrar y nadar con mantarrayas. \u00bfCu\u00e1ndo fue la \u00faltima vez que tuviste oportunidad de nadar con tortugas en su h\u00e1bitat natural?<\/li>\n<li>Cuarta visita:<br \/>\nUna visita muy atractiva, el barco hundido. Lleno de vida marina, coral multicolor y bancos de peces de diferentes especies. Es un barco semi-hundido y posado sobre un banco de arena blanca que hace de su alrededor una piscina natural de agua turquesa, es impresionante.<\/li>\n<li>Quinta visita:<br \/>\nDescubre agua dulce en medio del Mar Caribe, un cenote marino, se trata de una desembocadura de un rio subterr\u00e1neo, fen\u00f3meno \u00fanico en el Mundo Maya sobe la Pen\u00ednsula de Yucat\u00e1n.<\/li>\n<\/ul>\n<blockquote><p><strong>Bondades de la actividad:<\/strong><br \/>\n&#8211; Atenci\u00f3n especial para personas que no saben nadar: somos expertos que<br \/>\nconvierten la ansiedad del participante, en una grata experiencia. Los principiantes y<br \/>\nlos no nadadores, pueden disfrutar de esta aventura de snorkel al 100%. Un gu\u00eda<br \/>\npermanecer\u00e1 a su lado en todo momento usando un salvavidas circular como<br \/>\nasistencia adicional para brindar una mayor seguridad y confort para el cliente.<br \/>\nTambi\u00e9n incluye atenci\u00f3n personalizada durante las lecciones informativas y de<br \/>\npr\u00e1ctica dentro del mar en un \u00e1rea especial asignada para las lecciones a los<br \/>\nprincipiantes.<\/p>\n<p>&#8211; Servicio de &#8220;EXTRACCI\u00d3N&#8221; para el participante que por alg\u00fan motivo requiera<br \/>\ninterrumpir la actividad en cualquier momento. El muelle de la Marina se encuentra<br \/>\na un kil\u00f3metro de distancia del arrecife, por lo que enviamos un bote que lo regresa a<br \/>\ntierra firme en cuesti\u00f3n de pocos minutos.<\/p>\n<p>&#8211; Seguridad y servicio son nuestras principales prioridades, por lo que las<br \/>\nembarcaciones operan con grupos peque\u00f1os de m\u00e1ximo 10 personas para ofrecer<br \/>\nuna mejor asistencia t\u00e9cnica y mar\u00edtima. Si es necesario reservar un grupo m\u00e1s<br \/>\ngrande, podemos operar bajo solicitud especial.<\/p>\n<p><strong>Incluye:<\/strong><br \/>\n&#8211; Transportaci\u00f3n redonda desde cualquier hotel de Canc\u00fan, Isla Blanca y Costa Mujeres.<br \/>\n&#8211; Equipo de snorkel especializado: Chaleco salvavidas especial para apneas, mascara facial completa que habilita la respiraci\u00f3n por la nariz (opcional), visor con graduaci\u00f3n (opcional), aletas, cintur\u00f3n de plomos (opcional) y tubo de snorkel \u201cDry &#8211; Top\u201d que evita inducci\u00f3n de agua dentro de tubo y boca.<br \/>\n&#8211; Lecci\u00f3n te\u00f3rica y pr\u00e1ctica: Antes de partir, los participantes con poca o nula experiencia ser\u00e1n invitados a tomar las lecciones te\u00f3ricas y pr\u00e1cticas de snorkel, para un mejor resultado al momento de llevar a cabo la actividad. Mostraremos c\u00f3mo utilizar el equipo, a respirar f\u00e1cilmente, a desempa\u00f1ar la m\u00e1scara, a nadar con aletas y otros tips muy importantes e interesantes para hacer la experiencia mucho m\u00e1s placentera.<br \/>\n-Gu\u00eda especializado para no-nadadores.<br \/>\n-Cinco \u00e1reas de visita: Arrecifes de coral y pasto marino, museo subacu\u00e1tico, barco hundido y cenote marino.<br \/>\n&#8211; Agua embotellada, regaderas y casilleros.<br \/>\n&#8211; Fotograf\u00eda de bienvenida (antes de ingresar al agua y aplica por pareja o grupo)<br \/>\n&#8211; Seguro de pasajeros.<\/p><\/blockquote>\n","protected":false},"excerpt":{"rendered":"<p>Tour de snorkel en arrecife, museo submarino, encuentro con tortugas, barco hundido y cenote marino. El Tour de snorkel se divide en 5 visitas con 4 inmersiones: Primer visita: Disfruta del arrecife de coral &#8220;El Meco&#8221;, uno de los mejor conservados del Gran Arrecife Maya, lleno de peces y vida marina. El arrecife cuenta con &hellip;<\/p>\n<p class=\"read-more\"> <a class=\"\" href=\"https:\/\/amdlibertygroup.com\/index.php\/product\/tour-de-snorkel\/\"> <span class=\"screen-reader-text\">TOTAL SNORKEL<\/span> Read More &raquo;<\/a><\/p>\n","protected":false},"featured_media":2674,"comment_status":"open","ping_status":"closed","template":"","meta":{"site-sidebar-layout":"default","site-content-layout":"default","ast-global-header-display":"","ast-banner-title-visibility":"","ast-main-header-display":"","ast-hfb-above-header-display":"","ast-hfb-below-header-display":"","ast-hfb-mobile-header-display":"","site-post-title":"","ast-breadcrumbs-content":"","ast-featured-img":"","footer-sml-layout":"","theme-transparent-header-meta":"default","adv-header-id-meta":"","stick-header-meta":"","header-above-stick-meta":"","header-main-stick-meta":"","header-below-stick-meta":""},"product_cat":[25,18],"product_tag":[],"_links":{"self":[{"href":"https:\/\/amdlibertygroup.com\/index.php\/wp-json\/wp\/v2\/product\/2673"}],"collection":[{"href":"https:\/\/amdlibertygroup.com\/index.php\/wp-json\/wp\/v2\/product"}],"about":[{"href":"https:\/\/amdlibertygroup.com\/index.php\/wp-json\/wp\/v2\/types\/product"}],"replies":[{"embeddable":true,"href":"https:\/\/amdlibertygroup.com\/index.php\/wp-json\/wp\/v2\/comments?post=2673"}],"wp:featuredmedia":[{"embeddable":true,"href":"https:\/\/amdlibertygroup.com\/index.php\/wp-json\/wp\/v2\/media\/2674"}],"wp:attachment":[{"href":"https:\/\/amdlibertygroup.com\/index.php\/wp-json\/wp\/v2\/media?parent=2673"}],"wp:term":[{"taxonomy":"product_cat","embeddable":true,"href":"https:\/\/amdlibertygroup.com\/index.php\/wp-json\/wp\/v2\/product_cat?post=2673"},{"taxonomy":"product_tag","embeddable":true,"href":"https:\/\/amdlibertygroup.com\/index.php\/wp-json\/wp\/v2\/product_tag?post=2673"}],"curies":[{"name":"wp","href":"https:\/\/api.w.org\/{rel}","templated":true}]}}