{"id":2688,"date":"2023-10-15T00:34:05","date_gmt":"2023-10-15T00:34:05","guid":{"rendered":"https:\/\/doitall.com.mx\/?post_type=product&#038;p=2688"},"modified":"2024-02-08T03:49:08","modified_gmt":"2024-02-08T03:49:08","slug":"combo-fly-swim","status":"publish","type":"product","link":"https:\/\/amdlibertygroup.com\/index.php\/product\/combo-fly-swim\/","title":{"rendered":"COMBO FLY &#038; SWIM"},"content":{"rendered":"<p><em><strong>Incluye:<\/strong>\u00a0<\/em><\/p>\n<ul>\n<li><strong>Parasail:\u00a0<\/strong><\/li>\n<\/ul>\n<p>Recorrido de 3 millas una vez que est\u00e1s en el aire, vuelo entre 9 &#8211; 10 minutos de hasta 80 mts de altura.<\/p>\n<p>En esta experiencia los participantes podr\u00e1n disfrutar de una panor\u00e1mica a 80 metros de altura sobre la Zona Hotelera sin precedentes, la mejor vista de la Bah\u00eda de Canc\u00fan, Isla Mujeres y laguna Nichupte, combinado con las diferentes tonalidades color turquesa del mar caribe. Es un viaje en paraca\u00eddas seguro, c\u00f3modo y divertido para toda la familia. Una aventura realmente diferente, con Canc\u00fan bajo sus pies. La aventura comienza abordando un taxi acu\u00e1tico hacia la embarcaci\u00f3n dise\u00f1ada espec\u00edficamente para la actividad de paraca\u00eddas.<\/p>\n<p>Con una longitud de 30 pies, dicha embarcaci\u00f3n est\u00e1 equipada con una plataforma de despegue y aterrizaje desde la cual, disfrutar\u00e1 de un vuelo acariciando las alturas del cielo caribe\u00f1o volando libre a 80 metros de altura sobre las hermosas aguas cristalinas del mar caribe, con una duraci\u00f3n aproximada de 10 minutos en el aire.<\/p>\n<p><strong><em>Restricciones:<\/em><\/strong><br \/>\n&#8211; Solo podr\u00e1n realizar la actividad ni\u00f1os de 10 a\u00f1os en adelante y con m\u00ednimo 1.35 metros de altura, acompa\u00f1ados por un adulto quien deber\u00e1 firmar las responsivas como padre o tutor.<br \/>\n&#8211; L\u00edmite de peso m\u00e1ximo: 180 kg, \/ 397 lb sean: 1,2 o 3 participantes.<br \/>\n&#8211; Peso m\u00ednimo: 29 kg \/65 lb<br \/>\n&#8211; No se permiten mujeres embarazadas.<br \/>\n&#8211; No se permiten participantes en estado de ebriedad o inconveniente.<\/p>\n<ul>\n<li><strong>Snorkel:\u00a0<\/strong><\/li>\n<\/ul>\n<p><strong>El Tour de snorkel se divide en 5 visitas con 4 inmersiones:<\/strong><\/p>\n<ul>\n<li>Primer visita:<br \/>\nDisfruta del arrecife de coral &#8220;El Meco&#8221;, uno de los mejor conservados del Gran Arrecife Maya, lleno de peces y vida marina. El arrecife cuenta con profundidades de 2.5 a 4 metros con diferentes formaciones de coral y bancos de peces.<\/li>\n<li>Segunda visita:<br \/>\nNuestra segunda visita es en un museo submarino, donde admiraremos dos galer\u00edas de arte sub-acu\u00e1tico, interacci\u00f3n de arte y el medio ambiente en el Mar Caribe. Hermosas obras de arte, con un espectacular fondo azul turquesa.<\/li>\n<li>Tercer visita:<br \/>\nNuestro punto para encontrar tortugas, tenemos 96 &#8211; 98% de posibilidades de encontrar de 1 a 5 tortugas. Tambi\u00e9n podremos encontrar y nadar con mantarrayas. \u00bfCu\u00e1ndo fue la \u00faltima vez que tuviste oportunidad de nadar con tortugas en su h\u00e1bitat natural?<\/li>\n<li>Cuarta visita:<br \/>\nUna visita muy atractiva, el barco hundido. Lleno de vida marina, coral multicolor y bancos de peces de diferentes especies. Es un barco semi-hundido y posado sobre un banco de arena blanca que hace de su alrededor una piscina natural de agua turquesa, es impresionante.<\/li>\n<li>Quinta visita:<br \/>\nDescubre agua dulce en medio del Mar Caribe, un cenote marino, se trata de una desembocadura de un rio subterr\u00e1neo, fen\u00f3meno \u00fanico en el Mundo Maya sobe la Pen\u00ednsula de Yucat\u00e1n.<\/li>\n<\/ul>\n","protected":false},"excerpt":{"rendered":"<p>Incluye:\u00a0 Parasail:\u00a0 Recorrido de 3 millas una vez que est\u00e1s en el aire, vuelo entre 9 &#8211; 10 minutos de hasta 80 mts de altura. En esta experiencia los participantes podr\u00e1n disfrutar de una panor\u00e1mica a 80 metros de altura sobre la Zona Hotelera sin precedentes, la mejor vista de la Bah\u00eda de Canc\u00fan, Isla &hellip;<\/p>\n<p class=\"read-more\"> <a class=\"\" href=\"https:\/\/amdlibertygroup.com\/index.php\/product\/combo-fly-swim\/\"> <span class=\"screen-reader-text\">COMBO FLY &#038; SWIM<\/span> Read More &raquo;<\/a><\/p>\n","protected":false},"featured_media":2689,"comment_status":"open","ping_status":"closed","template":"","meta":{"site-sidebar-layout":"default","site-content-layout":"default","ast-global-header-display":"","ast-banner-title-visibility":"","ast-main-header-display":"","ast-hfb-above-header-display":"","ast-hfb-below-header-display":"","ast-hfb-mobile-header-display":"","site-post-title":"","ast-breadcrumbs-content":"","ast-featured-img":"","footer-sml-layout":"","theme-transparent-header-meta":"default","adv-header-id-meta":"","stick-header-meta":"","header-above-stick-meta":"","header-main-stick-meta":"","header-below-stick-meta":""},"product_cat":[25,18],"product_tag":[],"_links":{"self":[{"href":"https:\/\/amdlibertygroup.com\/index.php\/wp-json\/wp\/v2\/product\/2688"}],"collection":[{"href":"https:\/\/amdlibertygroup.com\/index.php\/wp-json\/wp\/v2\/product"}],"about":[{"href":"https:\/\/amdlibertygroup.com\/index.php\/wp-json\/wp\/v2\/types\/product"}],"replies":[{"embeddable":true,"href":"https:\/\/amdlibertygroup.com\/index.php\/wp-json\/wp\/v2\/comments?post=2688"}],"wp:featuredmedia":[{"embeddable":true,"href":"https:\/\/amdlibertygroup.com\/index.php\/wp-json\/wp\/v2\/media\/2689"}],"wp:attachment":[{"href":"https:\/\/amdlibertygroup.com\/index.php\/wp-json\/wp\/v2\/media?parent=2688"}],"wp:term":[{"taxonomy":"product_cat","embeddable":true,"href":"https:\/\/amdlibertygroup.com\/index.php\/wp-json\/wp\/v2\/product_cat?post=2688"},{"taxonomy":"product_tag","embeddable":true,"href":"https:\/\/amdlibertygroup.com\/index.php\/wp-json\/wp\/v2\/product_tag?post=2688"}],"curies":[{"name":"wp","href":"https:\/\/api.w.org\/{rel}","templated":true}]}}