{"id":2777,"date":"2024-02-12T17:29:52","date_gmt":"2024-02-12T17:29:52","guid":{"rendered":"https:\/\/doitall.com.mx\/?post_type=product&#038;p=2777"},"modified":"2024-02-12T17:56:24","modified_gmt":"2024-02-12T17:56:24","slug":"combo-fiesta","status":"publish","type":"product","link":"https:\/\/amdlibertygroup.com\/index.php\/product\/combo-fiesta\/","title":{"rendered":"COMBO FIESTA"},"content":{"rendered":"<p><strong>DIA 1<\/strong><br \/>\n<strong>Tour a isla mujeres en catamar\u00e1n de lujo <\/strong><\/p>\n<p><strong><em>Incluye<\/em><\/strong>:<br \/>\n&#8211; Transportaci\u00f3n redonda desde su hotel<br \/>\n&#8211; Veleo en catamar\u00e1n<br \/>\n&#8211; Snorkel<br \/>\n&#8211; Barra libre Nacional Abordo del catamaran<br \/>\n&#8211; Club de Playa en playa norte<br \/>\n&#8211; Comida Buffet 90 Minutos<br \/>\n&#8211; Barra libre nacional en club de playa (90 minutos)<br \/>\n&#8211; 2 horas 30 minutos tiempo para explorar la isla<br \/>\n&#8211; Fiesta de regreso a bordo<\/p>\n<p>&nbsp;<\/p>\n<p><strong>DIA 2<\/strong><br \/>\n<strong>Beach Party en Coco bongo Beach Club<\/strong><\/p>\n<p><strong><em>Incluye:<\/em><\/strong><br \/>\n&#8211; Acceso al beach Club<br \/>\n&#8211; 7 Horas de barra libre Nacional<br \/>\n&#8211; 1 &#8211; 8 pm<br \/>\n&#8211; Fiesta de Espuma<br \/>\n&#8211; Happenings<\/p>\n","protected":false},"excerpt":{"rendered":"<p>Obten 2 Actividades con un solo precio<br \/>\n<strong>2 Actividades<\/strong> llenas de <strong>a<\/strong><strong>ventura<\/strong> y <strong>d<\/strong><strong>iversi\u00f3n<\/strong> en <strong>GRANDE<\/strong><\/p>\n<ul>\n<li><strong>D\u00cdA 1<\/strong><\/li>\n<li><em>Tour a isla mujeres en catamar\u00e1n de lujo *7 horas de diversi\u00f3n*, aventura y explora una isla catalogada como pueblo m\u00e1gico, con muchos spots instagrameables alrededor de la isla.<\/em><\/li>\n<li><strong>D\u00cdA 2<\/strong><br \/>\n<em>Beach Party en Coco bongo Beach Club<\/em><\/li>\n<\/ul>\n","protected":false},"featured_media":2778,"comment_status":"open","ping_status":"closed","template":"","meta":{"site-sidebar-layout":"default","site-content-layout":"default","ast-global-header-display":"","ast-banner-title-visibility":"","ast-main-header-display":"","ast-hfb-above-header-display":"","ast-hfb-below-header-display":"","ast-hfb-mobile-header-display":"","site-post-title":"","ast-breadcrumbs-content":"","ast-featured-img":"","footer-sml-layout":"","theme-transparent-header-meta":"default","adv-header-id-meta":"","stick-header-meta":"","header-above-stick-meta":"","header-main-stick-meta":"","header-below-stick-meta":""},"product_cat":[25,34],"product_tag":[],"_links":{"self":[{"href":"https:\/\/amdlibertygroup.com\/index.php\/wp-json\/wp\/v2\/product\/2777"}],"collection":[{"href":"https:\/\/amdlibertygroup.com\/index.php\/wp-json\/wp\/v2\/product"}],"about":[{"href":"https:\/\/amdlibertygroup.com\/index.php\/wp-json\/wp\/v2\/types\/product"}],"replies":[{"embeddable":true,"href":"https:\/\/amdlibertygroup.com\/index.php\/wp-json\/wp\/v2\/comments?post=2777"}],"wp:featuredmedia":[{"embeddable":true,"href":"https:\/\/amdlibertygroup.com\/index.php\/wp-json\/wp\/v2\/media\/2778"}],"wp:attachment":[{"href":"https:\/\/amdlibertygroup.com\/index.php\/wp-json\/wp\/v2\/media?parent=2777"}],"wp:term":[{"taxonomy":"product_cat","embeddable":true,"href":"https:\/\/amdlibertygroup.com\/index.php\/wp-json\/wp\/v2\/product_cat?post=2777"},{"taxonomy":"product_tag","embeddable":true,"href":"https:\/\/amdlibertygroup.com\/index.php\/wp-json\/wp\/v2\/product_tag?post=2777"}],"curies":[{"name":"wp","href":"https:\/\/api.w.org\/{rel}","templated":true}]}}